{"id":2,"date":"2010-05-11T12:38:54","date_gmt":"2010-05-11T12:38:54","guid":{"rendered":"http:\/\/q-words.net\/qwords_de_2015\/?page_id=2"},"modified":"2021-06-03T18:57:52","modified_gmt":"2021-06-03T18:57:52","slug":"about","status":"publish","type":"page","link":"https:\/\/q-words.net\/?page_id=2","title":{"rendered":"profil"},"content":{"rendered":"<p>Nina Schulz, 46, lebt und arbeitet als freie Journalistin in Hamburg. Sie schreibt \u00fcber ein breites Spektrum an Themen f\u00fcr analyse&amp;kritik, die J\u00fcdische Allgemeine, den Freitag, die taz, die Frankfurter Allgemeine Sonntagszeitung und Zeit Online. Au\u00dferdem engagiert sie sich bei netzwerk recherche und arbeitet als Moderatorin.<\/p>\n<p style=\"margin-top: 12px;\">\n<p>Zuletzt erhielten Elisabeth Mena Urbitsch und sie den Alternativen Medienpreis 2015 f\u00fcr ihre Reportage &#8220;Hasenbrote&#8221; aus ihrer Reihe <em>Offene Rechnungen<\/em>, in der sie die andauernden Auseinandersetzungen von NS-Verfolgten um Anerkennung und Entsch\u00e4digung darstellen. 2010 waren sie ebenfalls Preistr\u00e4gerinnen des Alternativen Medienpreises mit ihrer Reportage <a href=\"http:\/\/q-words.net\/?p=43\">Spiel auf Zeit<\/a>, zu \u00dcberlebenden des Nationalsozialismus und deren Kampf um ihre Ghetto-Renten. Beide Reportagen sind in analyse&amp;kritik erschienen.<\/p>\n<p style=\"margin-top: 12px;\">\n<p>Das Buch <a href=\"http:\/\/q-words.net\/?p=695\" target=\"_blank\" rel=\"noopener noreferrer\">\u201eSpiel auf Zeit. NS-Verfolgte und ihre K\u00e4mpfe um Anerkennung und Entsch\u00e4digung\u201c<\/a> von Nina Schulz und Elisabeth Mena Urbitsch ist auf der <a href=\"https:\/\/www.hotlist-online.com\/die-hotlist-2016\/assoziation-a\/\" target=\"_blank\" rel=\"noopener noreferrer\">Hotlist der zehn besten B\u00fccher aus unabh\u00e4ngigen deutschsprachigen Verlagen 2016<\/a> platziert.<\/p>\n<p style=\"margin-top: 12px; margin-bottom: 300px;\">\n","protected":false},"excerpt":{"rendered":"<p>Nina Schulz, 46, lebt und arbeitet als freie Journalistin in Hamburg. Sie schreibt \u00fcber ein breites Spektrum an Themen f\u00fcr analyse&amp;kritik, die J\u00fcdische Allgemeine, den Freitag, die taz, die Frankfurter Allgemeine Sonntagszeitung und Zeit Online. Au\u00dferdem engagiert sie sich bei netzwerk recherche und arbeitet als Moderatorin. Zuletzt erhielten Elisabeth Mena Urbitsch und sie den Alternativen [&hellip;]<\/p>\n","protected":false},"author":3,"featured_media":0,"parent":0,"menu_order":0,"comment_status":"closed","ping_status":"open","template":"","meta":{"ngg_post_thumbnail":0},"_links":{"self":[{"href":"https:\/\/q-words.net\/index.php?rest_route=\/wp\/v2\/pages\/2"}],"collection":[{"href":"https:\/\/q-words.net\/index.php?rest_route=\/wp\/v2\/pages"}],"about":[{"href":"https:\/\/q-words.net\/index.php?rest_route=\/wp\/v2\/types\/page"}],"author":[{"embeddable":true,"href":"https:\/\/q-words.net\/index.php?rest_route=\/wp\/v2\/users\/3"}],"replies":[{"embeddable":true,"href":"https:\/\/q-words.net\/index.php?rest_route=%2Fwp%2Fv2%2Fcomments&post=2"}],"version-history":[{"count":30,"href":"https:\/\/q-words.net\/index.php?rest_route=\/wp\/v2\/pages\/2\/revisions"}],"predecessor-version":[{"id":877,"href":"https:\/\/q-words.net\/index.php?rest_route=\/wp\/v2\/pages\/2\/revisions\/877"}],"wp:attachment":[{"href":"https:\/\/q-words.net\/index.php?rest_route=%2Fwp%2Fv2%2Fmedia&parent=2"}],"curies":[{"name":"wp","href":"https:\/\/api.w.org\/{rel}","templated":true}]}}