{"id":6,"date":"2010-05-11T13:15:47","date_gmt":"2010-05-11T13:15:47","guid":{"rendered":"http:\/\/q-words.net\/?page_id=6"},"modified":"2018-05-11T14:58:00","modified_gmt":"2018-05-11T14:58:00","slug":"contact","status":"publish","type":"page","link":"http:\/\/q-words.net\/?page_id=6","title":{"rendered":"kontakt"},"content":{"rendered":"<p>nina schulz (freie journalistin)<br \/>\nbodenstedtstr. 16<br \/>\n22765 hamburg<\/p>\n<p style=\"margin-top:12px;\">\ntelefon: 0049 40 3498 3724<br \/>\ne-mail: q.words(\u00e4t)posteo.net<br \/>\ninternet: www.q-words.net<br \/>\ntwitter: qwords_n\n<\/p>\n<h4>Impressum<\/h4>\n<p>Inhaltlich Verantwortliche gem\u00e4\u00df \u00a7 55 Abs. 2 RStV: Nina Schulz (Anschrift wie oben)<\/p>\n<p style=\"margin-top:12px; margin-bottom:180px;\">\nHaftungshinweis: Trotz sorgf\u00e4ltiger inhaltlicher Kontrolle \u00fcbernehme ich keine Haftung f\u00fcr die Inhalte externer Links. F\u00fcr den Inhalt der verlinkten Seiten sind ausschlie\u00dflich deren Betreiber verantwortlich.<\/p>\n","protected":false},"excerpt":{"rendered":"<p>nina schulz (freie journalistin) bodenstedtstr. 16 22765 hamburg telefon: 0049 40 3498 3724 e-mail: q.words(\u00e4t)posteo.net internet: www.q-words.net twitter: qwords_n Impressum Inhaltlich Verantwortliche gem\u00e4\u00df \u00a7 55 Abs. 2 RStV: Nina Schulz (Anschrift wie oben) Haftungshinweis: Trotz sorgf\u00e4ltiger inhaltlicher Kontrolle \u00fcbernehme ich keine Haftung f\u00fcr die Inhalte externer Links. F\u00fcr den Inhalt der verlinkten Seiten sind ausschlie\u00dflich [&hellip;]<\/p>\n","protected":false},"author":2,"featured_media":0,"parent":0,"menu_order":0,"comment_status":"closed","ping_status":"closed","template":"","meta":{"ngg_post_thumbnail":0},"_links":{"self":[{"href":"http:\/\/q-words.net\/index.php?rest_route=\/wp\/v2\/pages\/6"}],"collection":[{"href":"http:\/\/q-words.net\/index.php?rest_route=\/wp\/v2\/pages"}],"about":[{"href":"http:\/\/q-words.net\/index.php?rest_route=\/wp\/v2\/types\/page"}],"author":[{"embeddable":true,"href":"http:\/\/q-words.net\/index.php?rest_route=\/wp\/v2\/users\/2"}],"replies":[{"embeddable":true,"href":"http:\/\/q-words.net\/index.php?rest_route=%2Fwp%2Fv2%2Fcomments&post=6"}],"version-history":[{"count":15,"href":"http:\/\/q-words.net\/index.php?rest_route=\/wp\/v2\/pages\/6\/revisions"}],"predecessor-version":[{"id":791,"href":"http:\/\/q-words.net\/index.php?rest_route=\/wp\/v2\/pages\/6\/revisions\/791"}],"wp:attachment":[{"href":"http:\/\/q-words.net\/index.php?rest_route=%2Fwp%2Fv2%2Fmedia&parent=6"}],"curies":[{"name":"wp","href":"https:\/\/api.w.org\/{rel}","templated":true}]}}